{"id":3379,"date":"2026-02-03T11:34:52","date_gmt":"2026-02-03T11:34:52","guid":{"rendered":"https:\/\/nostalgik.be\/?post_type=product&#038;p=3379"},"modified":"2026-02-03T12:07:52","modified_gmt":"2026-02-03T12:07:52","slug":"tableau-pellicules-argentiques-vintage-50x50cm","status":"publish","type":"product","link":"https:\/\/nostalgik.be\/index.php\/produit\/tableau-pellicules-argentiques-vintage-50x50cm\/","title":{"rendered":"Tableau Pellicules Argentiques Vintage \u2013  (50X50cm)"},"content":{"rendered":"<p data-start=\"437\" data-end=\"729\">Avant le num\u00e9rique, il y avait l\u2019attente.<br data-start=\"478\" data-end=\"481\" \/>On prenait <em data-start=\"492\" data-end=\"502\">24 poses<\/em>, <em data-start=\"504\" data-end=\"526\">36 si on \u00e9tait riche<\/em>, et on priait pour qu\u2019aucune ne soit rat\u00e9e.<br data-start=\"570\" data-end=\"573\" \/>Le bruit du rembobinage, l\u2019odeur des produits de d\u00e9veloppement, les couleurs imparfaites mais vivantes \u2014 voil\u00e0 l\u2019essence m\u00eame de la photographie argentique.<\/p>\n<p data-start=\"916\" data-end=\"1042\">Un objet d\u00e9coratif mais surtout un morceau de m\u00e9moire.<br data-start=\"970\" data-end=\"973\" \/>Un hommage \u00e0 l\u2019\u00e9poque o\u00f9 chaque photo \u00e9tait un choix, pas une rafale.<\/p>\n","protected":false},"excerpt":{"rendered":"<h3>VENDU<\/h3>\n<p>La photo qui sent le grain, le flash brutal, le clic m\u00e9canique.<br data-start=\"296\" data-end=\"299\" \/>Quatres pellicules argentiques embl\u00e9matiques \u2014 fig\u00e9es dans le temps, pr\u00eates \u00e0 r\u00e9veiller la nostalgie. \ud83d\udcf7\u2728<\/p>\n","protected":false},"featured_media":3383,"comment_status":"open","ping_status":"closed","template":"","meta":[],"product_brand":[],"product_cat":[72],"product_tag":[],"class_list":{"0":"post-3379","1":"product","2":"type-product","3":"status-publish","4":"has-post-thumbnail","6":"product_cat-tableau","8":"first","9":"onbackorder","10":"shipping-taxable","11":"purchasable","12":"product-type-simple"},"jetpack_sharing_enabled":true,"_links":{"self":[{"href":"https:\/\/nostalgik.be\/index.php\/wp-json\/wp\/v2\/product\/3379","targetHints":{"allow":["GET"]}}],"collection":[{"href":"https:\/\/nostalgik.be\/index.php\/wp-json\/wp\/v2\/product"}],"about":[{"href":"https:\/\/nostalgik.be\/index.php\/wp-json\/wp\/v2\/types\/product"}],"replies":[{"embeddable":true,"href":"https:\/\/nostalgik.be\/index.php\/wp-json\/wp\/v2\/comments?post=3379"}],"wp:featuredmedia":[{"embeddable":true,"href":"https:\/\/nostalgik.be\/index.php\/wp-json\/wp\/v2\/media\/3383"}],"wp:attachment":[{"href":"https:\/\/nostalgik.be\/index.php\/wp-json\/wp\/v2\/media?parent=3379"}],"wp:term":[{"taxonomy":"product_brand","embeddable":true,"href":"https:\/\/nostalgik.be\/index.php\/wp-json\/wp\/v2\/product_brand?post=3379"},{"taxonomy":"product_cat","embeddable":true,"href":"https:\/\/nostalgik.be\/index.php\/wp-json\/wp\/v2\/product_cat?post=3379"},{"taxonomy":"product_tag","embeddable":true,"href":"https:\/\/nostalgik.be\/index.php\/wp-json\/wp\/v2\/product_tag?post=3379"}],"curies":[{"name":"wp","href":"https:\/\/api.w.org\/{rel}","templated":true}]}}